{"id":32,"date":"2025-01-30T10:22:02","date_gmt":"2025-01-30T18:22:02","guid":{"rendered":"https:\/\/www.eou.edu\/spanish\/?page_id=32"},"modified":"2025-05-27T10:30:47","modified_gmt":"2025-05-27T17:30:47","slug":"study-abroad","status":"publish","type":"page","link":"https:\/\/www.eou.edu\/spanish\/study-abroad\/","title":{"rendered":"Study Abroad \/ International Opportunities"},"content":{"rendered":"\n<h2 class=\"wp-block-heading has-medium-font-size\">EOU STUDY ABROAD<\/h2>\n\n\n\n<p>EOU offers a wide variety of study abroad opportunities through different partners such as GEO Study Abroad, AIFS, API, ISA, IE3 global and kei. Contact the office at <a href=\"mailto:mnmorton@eou.edu\">mnmorton@eou.edu<\/a> or at Hoke 209 for more information about the process and how study abroad can fit your major. For more information go to <a href=\"https:\/\/www.eou.edu\/studyab\/\">Study Abroad \u2013 Eastern Oregon University<\/a><\/p>\n\n\n\n<hr class=\"wp-block-separator has-alpha-channel-opacity\"\/>\n\n\n\n<h2 class=\"wp-block-heading has-medium-font-size\">US FULBRIGHT PROGRAM<\/h2>\n\n\n\n<p>Fulbright is a renowninternational scholarship that can take you anywhere in the world. From masters degree to research grants, this program gives you an opportunity to further expand your career while diving into another culture. You can search the side range of opportunities by <a href=\"https:\/\/us.fulbrightonline.org\/countries\">country<\/a>. They also count with the <a href=\"https:\/\/us.fulbrightonline.org\/applicants\/types-of-awards\/english-teaching-assistant-awards\">English Teaching Assist Awards<\/a>, which allows candidates to teach English while living abroad. Applications open every April.&nbsp;&nbsp;<\/p>\n\n\n\n<hr class=\"wp-block-separator has-alpha-channel-opacity\"\/>\n\n\n\n<h2 class=\"wp-block-heading has-medium-font-size\">AUXILIARES DE CONVERSACI\u00d3N (ESPA\u00d1A)<\/h2>\n\n\n\n<p>This program offers the possibility to teach English in Spanish public schools for a stipend. The usual workload is 12 hours a week and the main focus is to help students to develop their speaking and hearing abilities while sharing your own culture. For more information, visit <a href=\"https:\/\/www.educacionyfp.gob.es\/servicios-al-ciudadano\/catalogo\/profesorado\/convocatorias-para-extranjeros\/auxiliares-conversacion-extranjeros-espana.html\">Auxiliares de conversaci\u00f3n extranjeros en Espa\u00f1a | Ministerio de Educaci\u00f3n y Formaci\u00f3n Profesional<\/a>. The applications usually open mid December for the next academic year, which is in October. If you love your first year in the program, there is a possibility to renew for a second year!<\/p>\n\n\n\n<hr class=\"wp-block-separator has-alpha-channel-opacity\"\/>\n\n\n\n<h2 class=\"wp-block-heading has-medium-font-size\">PUEBLO INGL\u00c9S (ESPA\u00d1A)<\/h2>\n\n\n\n<p>If you want to enjoy a free week in Spain in a small Spanish town, this is your chance! Pueblo ingl\u00e9s is all about making connections with people from different backgrounds in English while enjoying the Spanish culture. There are a dozen different locations to choose from and it is open year round. For more information and contact details, go to <a href=\"https:\/\/www.volunteerspuebloingles.com\/\">Pueblo ingl\u00e9s<\/a>.<\/p>\n\n\n\n<hr class=\"wp-block-separator has-alpha-channel-opacity\"\/>\n\n\n\n<h2 class=\"wp-block-heading has-medium-font-size\">FACULTY LED INTERNATIONAL PROGRAMS<\/h2>\n\n\n\n<p>Faculty led international programs<strong> <\/strong>are short courses that will give credits for a particular course. Instead of taking that course at La Grande, you can have a first hand experience on the subject! Faculty led programs will be announced in the Spanish program webpage and at EOU Study Abroad webpage<\/p>\n\n\n\n<hr class=\"wp-block-separator has-alpha-channel-opacity\"\/>\n\n\n\n<h2 class=\"wp-block-heading has-medium-font-size\">PEACE CORPS<\/h2>\n\n\n\n<p>Since 1961, the Peace Corps has been an independent agency and program of the United States government that trains and deploys volunteers to provide international development assistance. 23% of volunteers serve in one or more Latin American countries. This is an excellent opportunity to improve your language and intercultural skills while helping people around the world. The program varies from country to country and they need volunteers for different projects, from literacy projects to building hospitals and houses. Find more information here: <a href=\"https:\/\/www.peacecorps.gov\/\">Peace Corps<\/a><\/p>\n","protected":false},"excerpt":{"rendered":"<p>EOU STUDY ABROAD EOU offers a wide variety of study abroad opportunities through different partners such as GEO Study Abroad, AIFS, API, ISA, IE3 global and kei. Contact the office at mnmorton@eou.edu or at Hoke 209 for more information about the process and how study abroad can fit your major. For more information go to [&hellip;]<\/p>\n","protected":false},"author":491,"featured_media":0,"parent":0,"menu_order":0,"comment_status":"closed","ping_status":"closed","template":"","meta":{"_acf_changed":false,"footnotes":""},"class_list":["post-32","page","type-page","status-publish","hentry"],"acf":[],"_links":{"self":[{"href":"https:\/\/www.eou.edu\/spanish\/wp-json\/wp\/v2\/pages\/32","targetHints":{"allow":["GET"]}}],"collection":[{"href":"https:\/\/www.eou.edu\/spanish\/wp-json\/wp\/v2\/pages"}],"about":[{"href":"https:\/\/www.eou.edu\/spanish\/wp-json\/wp\/v2\/types\/page"}],"author":[{"embeddable":true,"href":"https:\/\/www.eou.edu\/spanish\/wp-json\/wp\/v2\/users\/491"}],"replies":[{"embeddable":true,"href":"https:\/\/www.eou.edu\/spanish\/wp-json\/wp\/v2\/comments?post=32"}],"version-history":[{"count":2,"href":"https:\/\/www.eou.edu\/spanish\/wp-json\/wp\/v2\/pages\/32\/revisions"}],"predecessor-version":[{"id":40,"href":"https:\/\/www.eou.edu\/spanish\/wp-json\/wp\/v2\/pages\/32\/revisions\/40"}],"wp:attachment":[{"href":"https:\/\/www.eou.edu\/spanish\/wp-json\/wp\/v2\/media?parent=32"}],"curies":[{"name":"wp","href":"https:\/\/api.w.org\/{rel}","templated":true}]}}