{"id":26,"date":"2025-01-30T10:17:15","date_gmt":"2025-01-30T18:17:15","guid":{"rendered":"https:\/\/www.eou.edu\/spanish\/?page_id=26"},"modified":"2025-01-30T10:17:15","modified_gmt":"2025-01-30T18:17:15","slug":"media-links","status":"publish","type":"page","link":"https:\/\/www.eou.edu\/spanish\/media-links\/","title":{"rendered":"El Mundo Hispano &#8211; Links to Resources"},"content":{"rendered":"\n<div class=\"wp-block-pb-accordion-item c-accordion__item js-accordion-item no-js well\" data-initially-open=\"false\" data-click-to-close=\"true\" data-auto-close=\"true\" data-scroll=\"false\" data-scroll-offset=\"0\"><h2 id=\"at-260\" class=\"c-accordion__title js-accordion-controller\" role=\"button\">United States<\/h2><div id=\"ac-260\" class=\"c-accordion__content\">\n<div class=\"wp-block-columns is-layout-flex wp-container-core-columns-is-layout-9d6595d7 wp-block-columns-is-layout-flex\">\n<div class=\"wp-block-column is-layout-flow wp-block-column-is-layout-flow\">\n<h2 class=\"wp-block-heading has-medium-font-size\">NEWSPAPER<\/h2>\n\n\n\n<ul class=\"wp-block-list\">\n<li><a href=\"https:\/\/www.nytimes.com\/es\/\">The New York Times en Espa\u00f1ol<\/a> <\/li>\n\n\n\n<li><a href=\"https:\/\/www.sandiegouniontribune.com\/en-espanol\/\">San Diego Union-Tribune en Espa\u00f1ol<\/a><\/li>\n\n\n\n<li><a href=\"https:\/\/www.latimes.com\/espanol\/\">En Espa\u00f1ol &#8211; Los Angeles Times<\/a><\/li>\n\n\n\n<li><a href=\"https:\/\/cnnespanol.cnn.com\/\">CNN en Espa\u00f1ol<\/a><\/li>\n\n\n\n<li><a href=\"https:\/\/eltiempolatino.com\/\">El Tiempo Latino<\/a><\/li>\n\n\n\n<li><a href=\"https:\/\/impactolatino.com\/\">Impacto Latino<\/a><\/li>\n\n\n\n<li><a href=\"https:\/\/www.ellatinodehoy.com\/\">El Latino de Hoy<\/a>.<\/li>\n<\/ul>\n<\/div>\n\n\n\n<div class=\"wp-block-column is-layout-flow wp-block-column-is-layout-flow\">\n<h2 class=\"wp-block-heading has-medium-font-size\">MAGAZINE<\/h2>\n\n\n\n<ul class=\"wp-block-list\">\n<li><a href=\"https:\/\/www.lanota-latina.com\/\">La Nota Latina<\/a><\/li>\n\n\n\n<li><a href=\"https:\/\/peopleenespanol.com\/\">People en Espanol<\/a><\/li>\n\n\n\n<li><a href=\"https:\/\/www.newlatinoboom.com\/\">New Latino Boom<\/a><\/li>\n\n\n\n<li><a href=\"http:\/\/revistacaminos.com\/\">Caminos<\/a><\/li>\n\n\n\n<li><a href=\"http:\/\/www.latinmedianw.com\/\">Latin Media NW<\/a><\/li>\n\n\n\n<li><a href=\"https:\/\/us.as.com\/\">AS USA<\/a>.&nbsp;&nbsp;&nbsp;&nbsp;&nbsp;&nbsp;&nbsp;<\/li>\n<\/ul>\n<\/div>\n<\/div>\n\n\n\n<div class=\"wp-block-columns is-layout-flex wp-container-core-columns-is-layout-9d6595d7 wp-block-columns-is-layout-flex\">\n<div class=\"wp-block-column is-layout-flow wp-block-column-is-layout-flow\">\n<h2 class=\"wp-block-heading has-medium-font-size\">RADIO<\/h2>\n\n\n\n<ul class=\"wp-block-list\">\n<li><a href=\"https:\/\/www.keqb.fm\/\">KEQB.FM<\/a><\/li>\n\n\n\n<li><a href=\"http:\/\/radiobilingue.org\/es\/\">Radio Biling\u00fce<\/a><\/li>\n\n\n\n<li><a href=\"https:\/\/tunein.com\/radio\/Radio-Latina-El-Salvador-969-s16292\/\">Radio Latina El Salvador<\/a> <\/li>\n\n\n\n<li><a href=\"https:\/\/www.latinousa.org\/\">Latino USA<\/a><\/li>\n\n\n\n<li><a href=\"https:\/\/lagranderadio.com\/\">La Gran D Network<\/a><\/li>\n\n\n\n<li><a href=\"https:\/\/tunein.com\/radio\/LA-Z-943-FM-DE-PORTLAND-s35660\/\">la Z 94.3 fm de portland<\/a><\/li>\n<\/ul>\n<\/div>\n\n\n\n<div class=\"wp-block-column is-layout-flow wp-block-column-is-layout-flow\">\n<h2 class=\"wp-block-heading has-medium-font-size\">TV<\/h2>\n\n\n\n<ul class=\"wp-block-list\">\n<li><a href=\"https:\/\/www.telemundo.com\/\">Telemundo<\/a><\/li>\n\n\n\n<li><a href=\"https:\/\/www.univision.com\/\">Univision<\/a><\/li>\n<\/ul>\n<\/div>\n<\/div>\n<\/div><\/div>\n\n\n\n<div class=\"wp-block-pb-accordion-item c-accordion__item js-accordion-item no-js well\" data-initially-open=\"false\" data-click-to-close=\"true\" data-auto-close=\"true\" data-scroll=\"false\" data-scroll-offset=\"0\"><h2 id=\"at-261\" class=\"c-accordion__title js-accordion-controller\" role=\"button\">Spain<\/h2><div id=\"ac-261\" class=\"c-accordion__content\">\n<div class=\"wp-block-columns is-layout-flex wp-container-core-columns-is-layout-9d6595d7 wp-block-columns-is-layout-flex\">\n<div class=\"wp-block-column is-layout-flow wp-block-column-is-layout-flow\">\n<h2 class=\"wp-block-heading has-medium-font-size\">NEWSPAPER<\/h2>\n\n\n\n<ul class=\"wp-block-list\">\n<li><a href=\"https:\/\/elpais.com\/?ed=es\">EL PA\u00cdS<\/a><\/li>\n\n\n\n<li><a href=\"https:\/\/www.elmundo.es\/\">El Mundo<\/a><\/li>\n\n\n\n<li><a href=\"https:\/\/eldiario.com\/\">El Diario<\/a><\/li>\n\n\n\n<li><a href=\"https:\/\/www.lamarea.com\/\">La Marea<\/a><\/li>\n\n\n\n<li><a href=\"https:\/\/www.publico.es\/\">P\u00fablico<\/a><\/li>\n\n\n\n<li><a href=\"https:\/\/www.heraldo.es\/\">Heraldo de Arag\u00f3n<\/a><\/li>\n\n\n\n<li><a href=\"https:\/\/www.diariodeleon.es\/\">Diario de Le\u00f3n<\/a>.<\/li>\n<\/ul>\n<\/div>\n\n\n\n<div class=\"wp-block-column is-layout-flow wp-block-column-is-layout-flow\">\n<h2 class=\"wp-block-heading has-medium-font-size\">MAGAZINE<\/h2>\n\n\n\n<ul class=\"wp-block-list\">\n<li><a href=\"https:\/\/www.pikaramagazine.com\/\">Pikara magazine<\/a><\/li>\n\n\n\n<li><a href=\"https:\/\/www.elmundo.es\/yodona.html\">Yo Dona<\/a><\/li>\n\n\n\n<li><a href=\"https:\/\/www.hola.com\/\">Hola<\/a><\/li>\n\n\n\n<li><a href=\"https:\/\/www.lecturas.com\/recetas\">Cocina F\u00e1cil: 8.000 Recetas de cocina<\/a><\/li>\n\n\n\n<li><a href=\"https:\/\/www.lecturas.com\/\">Lecturas<\/a><\/li>\n\n\n\n<li><a href=\"https:\/\/www.pronto.es\/\">Pronto<\/a><\/li>\n\n\n\n<li><a href=\"https:\/\/revistajaraysedal.es\/\">Revista Jara y Sedal<\/a><\/li>\n\n\n\n<li><a href=\"https:\/\/www.trofeocaza.com\/\">Trofeo de caza<\/a><\/li>\n\n\n\n<li><a href=\"https:\/\/www.club-caza.com\/\">Club de caza<\/a><\/li>\n<\/ul>\n<\/div>\n<\/div>\n\n\n\n<div class=\"wp-block-columns is-layout-flex wp-container-core-columns-is-layout-9d6595d7 wp-block-columns-is-layout-flex\">\n<div class=\"wp-block-column is-layout-flow wp-block-column-is-layout-flow\">\n<h2 class=\"wp-block-heading has-medium-font-size\">RADIO<\/h2>\n\n\n\n<ul class=\"wp-block-list\">\n<li><a href=\"https:\/\/www.kissfm.es\/\">KISS FM<\/a><\/li>\n\n\n\n<li><a href=\"https:\/\/los40.com\/\">LOS40<\/a><\/li>\n\n\n\n<li><a href=\"https:\/\/www.cadena100.es\/\">Cadena 100<\/a><\/li>\n\n\n\n<li><a href=\"https:\/\/www.rockfm.fm\/\">Rock FM<\/a><\/li>\n\n\n\n<li><a href=\"https:\/\/www.cadenadial.com\/\">Cadena Dial<\/a><\/li>\n\n\n\n<li><a href=\"https:\/\/cadenaser.com\/\">Cadena SER<\/a><\/li>\n<\/ul>\n<\/div>\n\n\n\n<div class=\"wp-block-column is-layout-flow wp-block-column-is-layout-flow\">\n<h2 class=\"wp-block-heading has-medium-font-size\">TV<\/h2>\n\n\n\n<ul class=\"wp-block-list\">\n<li><a href=\"https:\/\/www.telemundo.com\/\">RTVE<\/a><\/li>\n\n\n\n<li><a href=\"https:\/\/www.rtve.es\/play\/la-2\/\">La 2<\/a><\/li>\n\n\n\n<li><a href=\"https:\/\/www.antena3.com\/\">Antena 3<\/a><\/li>\n\n\n\n<li><a href=\"https:\/\/www.cuatro.com\/\">Cuatro<\/a><\/li>\n\n\n\n<li><a href=\"https:\/\/www.telecinco.es\/\">Telecinco<\/a><\/li>\n\n\n\n<li><a href=\"https:\/\/www.lasexta.com\/\">laSexta<\/a><\/li>\n<\/ul>\n<\/div>\n<\/div>\n<\/div><\/div>\n\n\n\n<div class=\"wp-block-pb-accordion-item c-accordion__item js-accordion-item no-js well\" data-initially-open=\"false\" data-click-to-close=\"true\" data-auto-close=\"true\" data-scroll=\"false\" data-scroll-offset=\"0\"><h2 id=\"at-262\" class=\"c-accordion__title js-accordion-controller\" role=\"button\">Mexico<\/h2><div id=\"ac-262\" class=\"c-accordion__content\">\n<div class=\"wp-block-columns is-layout-flex wp-container-core-columns-is-layout-9d6595d7 wp-block-columns-is-layout-flex\">\n<div class=\"wp-block-column is-layout-flow wp-block-column-is-layout-flow\">\n<h2 class=\"wp-block-heading has-medium-font-size\">NEWSPAPER<\/h2>\n\n\n\n<ul class=\"wp-block-list\">\n<li><a href=\"https:\/\/diarioamanecer.com.mx\/category\/nacional\/\">Diario Amanecer<\/a><\/li>\n\n\n\n<li><a href=\"https:\/\/www.eluniversal.com.mx\/\">El Universal<\/a><\/li>\n\n\n\n<li><a href=\"https:\/\/www.milenio.com\/\">Milenio<\/a><\/li>\n\n\n\n<li><a href=\"https:\/\/www.jornada.com.mx\/\">La Jornada<\/a><\/li>\n\n\n\n<li><a href=\"https:\/\/www.diariodemexico.com\/\">Diario de M\u00e9xico<\/a><\/li>\n\n\n\n<li><a href=\"https:\/\/www.proceso.com.mx\/\">Proceso<\/a><\/li>\n<\/ul>\n<\/div>\n\n\n\n<div class=\"wp-block-column is-layout-flow wp-block-column-is-layout-flow\">\n<h2 class=\"wp-block-heading has-medium-font-size\">MAGAZINE<\/h2>\n\n\n\n<ul class=\"wp-block-list\">\n<li><a href=\"https:\/\/www.glamour.mx\/\">Glamour M\u00e9xico<\/a><\/li>\n\n\n\n<li><a href=\"https:\/\/expansion.mx\/\">Expansi\u00f3n<\/a><\/li>\n<\/ul>\n<\/div>\n<\/div>\n\n\n\n<div class=\"wp-block-columns is-layout-flex wp-container-core-columns-is-layout-9d6595d7 wp-block-columns-is-layout-flex\">\n<div class=\"wp-block-column is-layout-flow wp-block-column-is-layout-flow\">\n<h2 class=\"wp-block-heading has-medium-font-size\">RADIO<\/h2>\n\n\n\n<ul class=\"wp-block-list\">\n<li><a href=\"https:\/\/www.radio-en-vivo.mx\/la-z-fm\">La Z FM 107.3<\/a><\/li>\n\n\n\n<li><a href=\"https:\/\/larancherademonterrey.com.mx\/\">La Ranchera de Monterrey<\/a><\/li>\n\n\n\n<li><a href=\"https:\/\/radiofelicidad.mx\/\">Radio Felicidad<\/a><\/li>\n\n\n\n<li><a href=\"https:\/\/www.radio-en-vivo.mx\/la-ranchera-1061-fm\">Escuchar La Ranchera 106.1 FM en vivo<\/a><\/li>\n\n\n\n<li><a href=\"https:\/\/heraldodemexico.com.mx\/\">Heraldo de M\u00e9xico<\/a><\/li>\n<\/ul>\n<\/div>\n\n\n\n<div class=\"wp-block-column is-layout-flow wp-block-column-is-layout-flow\">\n<h2 class=\"wp-block-heading has-medium-font-size\">TV<\/h2>\n\n\n\n<ul class=\"wp-block-list\">\n<li><a href=\"https:\/\/www.lasestrellas.tv\/\">Las Estrellas<\/a><\/li>\n\n\n\n<li><a href=\"https:\/\/www.televisa.com\/canal5\/\">Canal 5<\/a><\/li>\n\n\n\n<li><a href=\"https:\/\/www.tvazteca.com\/aztecauno\/\">Azteca UNO<\/a><\/li>\n\n\n\n<li><a href=\"https:\/\/www.tvazteca.com\/\">TV Azteca<\/a><\/li>\n\n\n\n<li><a href=\"https:\/\/www.imagentv.com\/\">Imagen Televisi\u00f3n<\/a><\/li>\n<\/ul>\n<\/div>\n<\/div>\n<\/div><\/div>\n\n\n\n<div class=\"wp-block-pb-accordion-item c-accordion__item js-accordion-item no-js well\" data-initially-open=\"false\" data-click-to-close=\"true\" data-auto-close=\"true\" data-scroll=\"false\" data-scroll-offset=\"0\"><h2 id=\"at-263\" class=\"c-accordion__title js-accordion-controller\" role=\"button\">Colombia<\/h2><div id=\"ac-263\" class=\"c-accordion__content\">\n<div class=\"wp-block-columns is-layout-flex wp-container-core-columns-is-layout-9d6595d7 wp-block-columns-is-layout-flex\">\n<div class=\"wp-block-column is-layout-flow wp-block-column-is-layout-flow\">\n<h2 class=\"wp-block-heading has-medium-font-size\">NEWSPAPER<\/h2>\n\n\n\n<ul class=\"wp-block-list\">\n<li><a href=\"https:\/\/www.diarioadn.co\/\">Diario ADN<\/a><\/li>\n\n\n\n<li><a href=\"https:\/\/www.elespectador.com\/\">El Espectador<\/a><\/li>\n\n\n\n<li><a href=\"https:\/\/www.elnuevosiglo.com.co\/\">El Nuevo Siglo<\/a><\/li>\n\n\n\n<li><a href=\"https:\/\/elperiodicodeportivo.com.co\/\">El Peri\u00f3dico Deportivo<\/a><\/li>\n\n\n\n<li><a href=\"https:\/\/www.eltiempo.com\/\">EL TIEMPO<\/a><\/li>\n\n\n\n<li><a href=\"https:\/\/extra.com.co\/\">Extra<\/a><\/li>\n\n\n\n<li><a href=\"https:\/\/www.larepublica.co\/\">La Republica<\/a><\/li>\n\n\n\n<li><a href=\"https:\/\/www.portafolio.co\/\">Portafolio<\/a><\/li>\n<\/ul>\n<\/div>\n\n\n\n<div class=\"wp-block-column is-layout-flow wp-block-column-is-layout-flow\">\n<h2 class=\"wp-block-heading has-medium-font-size\">MAGAZINE<\/h2>\n\n\n\n<ul class=\"wp-block-list\">\n<li><a href=\"https:\/\/www.semana.es\/\">Semana<\/a><\/li>\n\n\n\n<li><a href=\"https:\/\/elmalpensante.com\/ultimaedicion\">El Malpensante<\/a><\/li>\n\n\n\n<li><a href=\"https:\/\/www.semana.com\/noticias\/jet-set\/\">Jet-Set<\/a><\/li>\n<\/ul>\n<\/div>\n<\/div>\n\n\n\n<div class=\"wp-block-columns is-layout-flex wp-container-core-columns-is-layout-9d6595d7 wp-block-columns-is-layout-flex\">\n<div class=\"wp-block-column is-layout-flow wp-block-column-is-layout-flow\">\n<h2 class=\"wp-block-heading has-medium-font-size\">RADIO<\/h2>\n\n\n\n<ul class=\"wp-block-list\">\n<li><a href=\"https:\/\/www.emisorascolombianas.co\/\">Emisoras Colombianas<\/a><\/li>\n\n\n\n<li><a href=\"https:\/\/www.wradio.com.co\/\">W Radio<\/a><\/li>\n\n\n\n<li><a href=\"https:\/\/caracol.com.co\/\">Caracol Radio<\/a><\/li>\n\n\n\n<li><a href=\"https:\/\/www.rcnradio.com\/\">RCN Radio<\/a><\/li>\n\n\n\n<li><a href=\"https:\/\/todelar.com\/\">Todelar<\/a><\/li>\n<\/ul>\n<\/div>\n\n\n\n<div class=\"wp-block-column is-layout-flow wp-block-column-is-layout-flow\">\n<h2 class=\"wp-block-heading has-medium-font-size\">TV<\/h2>\n\n\n\n<ul class=\"wp-block-list\">\n<li><a href=\"https:\/\/www.senalcolombia.tv\/\">Se\u00f1al Colombia<\/a><\/li>\n\n\n\n<li><a href=\"https:\/\/www.caracoltv.com\/\">Caracol TV<\/a><\/li>\n\n\n\n<li><a href=\"https:\/\/www.canalrcn.com\/\">Canal RCN<\/a><\/li>\n<\/ul>\n<\/div>\n<\/div>\n<\/div><\/div>\n\n\n\n<div class=\"wp-block-pb-accordion-item c-accordion__item js-accordion-item no-js well\" data-initially-open=\"false\" data-click-to-close=\"true\" data-auto-close=\"true\" data-scroll=\"false\" data-scroll-offset=\"0\"><h2 id=\"at-264\" class=\"c-accordion__title js-accordion-controller\" role=\"button\">Argentina<\/h2><div id=\"ac-264\" class=\"c-accordion__content\">\n<div class=\"wp-block-columns is-layout-flex wp-container-core-columns-is-layout-9d6595d7 wp-block-columns-is-layout-flex\">\n<div class=\"wp-block-column is-layout-flow wp-block-column-is-layout-flow\">\n<h2 class=\"wp-block-heading has-medium-font-size\">NEWSPAPER<\/h2>\n\n\n\n<ul class=\"wp-block-list\">\n<li><a href=\"https:\/\/www.lanacion.com.ar\/\">La Naci\u00f3n<\/a><\/li>\n\n\n\n<li><a href=\"https:\/\/www.ole.com.ar\/\">Ol\u00e9<\/a><\/li>\n\n\n\n<li><a href=\"https:\/\/www.clarin.com\/\">Clar\u00edn<\/a><\/li>\n\n\n\n<li><a href=\"https:\/\/www.pagina12.com.ar\/\">P\u00e1gina12<\/a><\/li>\n\n\n\n<li><a href=\"https:\/\/www.perfil.com\/\">Perfil<\/a><\/li>\n\n\n\n<li><a href=\"https:\/\/www.laprensa.com.ar\/\">La Prensa<\/a><\/li>\n\n\n\n<li><a href=\"https:\/\/www.cronista.com\/\">El Cronista<\/a><\/li>\n<\/ul>\n<\/div>\n\n\n\n<div class=\"wp-block-column is-layout-flow wp-block-column-is-layout-flow\">\n<h2 class=\"wp-block-heading has-medium-font-size\">MAGAZINE<\/h2>\n\n\n\n<ul class=\"wp-block-list\">\n<li><a href=\"https:\/\/www.ciudad.com.ar\/\">Ciudad Magazine<\/a><\/li>\n\n\n\n<li><a href=\"https:\/\/www.aerolineas.com.ar\/es-ar\/revistaalta\">revista ALTA<\/a><\/li>\n\n\n\n<li><a href=\"https:\/\/www.gente.com.ar\/\">Gente<\/a><\/li>\n\n\n\n<li><a href=\"https:\/\/indiehoy.com\/\">Indie Hoy<\/a><\/li>\n\n\n\n<li><a href=\"https:\/\/www.elgrafico.com.ar\/\">El Gr\u00e1fico<\/a><\/li>\n<\/ul>\n<\/div>\n<\/div>\n\n\n\n<div class=\"wp-block-columns is-layout-flex wp-container-core-columns-is-layout-9d6595d7 wp-block-columns-is-layout-flex\">\n<div class=\"wp-block-column is-layout-flow wp-block-column-is-layout-flow\">\n<h2 class=\"wp-block-heading has-medium-font-size\">RADIO<\/h2>\n\n\n\n<ul class=\"wp-block-list\">\n<li><a href=\"https:\/\/www.radios-argentinas.org\/\">Radios Argentinas<\/a><\/li>\n\n\n\n<li><a href=\"https:\/\/amdelplata.com\/\">Amdelplata<\/a><\/li>\n\n\n\n<li><a href=\"https:\/\/radiomega.fm\/\">MEGA 98.3<\/a><\/li>\n\n\n\n<li><a href=\"https:\/\/www.eldestapeweb.com\/eldestaperadio\">El Destape Radio<\/a><\/li>\n<\/ul>\n<\/div>\n\n\n\n<div class=\"wp-block-column is-layout-flow wp-block-column-is-layout-flow\">\n<h2 class=\"wp-block-heading has-medium-font-size\">TV<\/h2>\n\n\n\n<ul class=\"wp-block-list\">\n<li><a href=\"https:\/\/mitelefe.com\/\">Telefe<\/a><\/li>\n\n\n\n<li><a href=\"https:\/\/www.eltrecetv.com.ar\/\">eltrece<\/a><\/li>\n\n\n\n<li><a href=\"https:\/\/www.c5n.com\/\">C5N<\/a><\/li>\n\n\n\n<li><a href=\"https:\/\/www.elnueve.com.ar\/\">El Nueve<\/a><\/li>\n\n\n\n<li><a href=\"https:\/\/tn.com.ar\/\">TN<\/a><\/li>\n\n\n\n<li><a href=\"https:\/\/www.americatv.com.ar\/vivo\/\">AM\u00c9RICA TV<\/a><\/li>\n<\/ul>\n<\/div>\n<\/div>\n<\/div><\/div>\n\n\n\n<div class=\"wp-block-pb-accordion-item c-accordion__item js-accordion-item no-js well\" data-initially-open=\"false\" data-click-to-close=\"true\" data-auto-close=\"true\" data-scroll=\"false\" data-scroll-offset=\"0\"><h2 id=\"at-266\" class=\"c-accordion__title js-accordion-controller\" role=\"button\">Books<\/h2><div id=\"ac-266\" class=\"c-accordion__content\">\n<div class=\"wp-block-columns is-layout-flex wp-container-core-columns-is-layout-9d6595d7 wp-block-columns-is-layout-flex\">\n<div class=\"wp-block-column is-layout-flow wp-block-column-is-layout-flow\">\n<h3 class=\"wp-block-heading\">General Knowledge\/Language Learning<\/h3>\n\n\n\n<ul class=\"wp-block-list\">\n<ul class=\"wp-block-list\">\n<li><a href=\"https:\/\/educaspain.com\/tienda\/libros\/editorial\/anaya\/nuevo-suena-vocabulario-nivel-elemental-a1-a2-anaya-e-l-e-en-vocabulario-nivel-elemental-a1-a2-tapa-blanda-30-abr-2013\/\">Vocabulario. NIvel elemental A1-A2<\/a><\/li>\n\n\n\n<li><a href=\"https:\/\/educaspain.com\/tienda\/libros\/editorial\/anaya\/nuevo-suena-vocabulario-nivel-medio-b1-anaya-e-l-e-en-vocabulario-nivel-medio-b1-tapa-blanda-12-sep-2011\/\">Vocabulario. Nivel Medio B1<\/a><\/li>\n\n\n\n<li><a href=\"https:\/\/educaspain.com\/tienda\/libros\/editorial\/anaya\/nuevo-suena-vocabulario-nivel-avanzado-b2-anaya-e-l-e-en-vocabulario-nivel-avanzado-b2-tapa-blanda-4-dic-2012\/\">Vocabulario. Nivel avanzado B2<\/a><\/li>\n\n\n\n<li><a href=\"https:\/\/educaspain.com\/tienda\/libros\/editorial\/sm\/gramatica-de-uso-del-espanol-teoria-y-practica-2\/\">Gram\u00e1tica de uso del espa\u00f1ol. Teor\u00eda y pr\u00e1ctica<\/a><\/li>\n\n\n\n<li><a href=\"https:\/\/educaspain.com\/tienda\/libros\/editorial\/anaya\/en-gramatica\/\">En gram\u00e1tica Anaya ELE<\/a><\/li>\n\n\n\n<li><a href=\"https:\/\/educaspain.com\/tienda\/libros\/editorial\/edelsa\/competencia-gramatical-en-uso\/\">Competencia gramatical en Uso . Editorial Edelsa<\/a><\/li>\n\n\n\n<li><a href=\"https:\/\/educaspain.com\/tienda\/libros\/editorial\/edinumen\/paso-paso-edinumen\/\">Colecci\u00f3n paso a paso . Editorial Edinumen<\/a><\/li>\n\n\n\n<li><a href=\"https:\/\/educaspain.com\/tienda\/libros\/editorial\/difusion\/gramatica-basica-del-estudiante\/\">Gram\u00e1tica b\u00e1sica del estudiante de espa\u00f1ol<\/a><\/li>\n\n\n\n<li><a href=\"https:\/\/educaspain.com\/tienda\/libros\/editorial\/sm\/gramatica-de-uso-del-espanol-a1-a2-teoria-y-practica\/\">Gram\u00e1tica de uso del Espa\u00f1ol. A1-A2. Teor\u00eda y pr\u00e1ctica<\/a><\/li>\n\n\n\n<li><a href=\"https:\/\/educaspain.com\/tienda\/libros\/editorial\/sm\/gramatica-de-uso-del-espanol-teoria-y-practica-c1-c2\/\">Gram\u00e1tica de uso del espa\u00f1ol: Teor\u00eda y pr\u00e1ctica C1-C2<\/a><\/li>\n\n\n\n<li><a href=\"https:\/\/educaspain.com\/tienda\/libros\/editorial\/sm\/gramatica-de-uso-del-espanol-b1-b2-teoria-y-practica\/\">Gram\u00e1tica de uso del Espa\u00f1ol. B1-B2: Teor\u00eda y pr\u00e1ctica<\/a><\/li>\n\n\n\n<li><a href=\"https:\/\/educaspain.com\/tienda\/libros\/editorial\/anaya\/escritura-nivel-elemental-a1-a2-anaya-e-l-e-en-escritura-nivel-elemental-a1-a2-tapa-blanda-21-feb-2011\/\">Escritura. Nivel Elemental A1-A2<\/a>, <a href=\"https:\/\/educaspain.com\/tienda\/libros\/editorial\/anaya\/escritura-nivel-medio-b1-anaya-e-l-e-en-escritura-medio-b1-tapa-blanda-21-feb-2011\/\">Escritura. Nivel Medio B1<\/a><\/li>\n\n\n\n<li><a href=\"https:\/\/educaspain.com\/tienda\/libros\/editorial\/anaya\/escritura-nivel-avanzado-b2-anaya-e-l-e-en-escritura-avanzado-b2-tapa-blanda-2-may-2012\/\">Escritura. Nivel Avanzado B2<\/a><\/li>\n<\/ul>\n<\/ul>\n<\/div>\n\n\n\n<div class=\"wp-block-column is-layout-flow wp-block-column-is-layout-flow\">\n<h3 class=\"wp-block-heading\">Spanish for the Professions<\/h3>\n\n\n\n<ul class=\"wp-block-list\">\n<li><a href=\"https:\/\/www.amazon.es\/Socios-Libro-del-alumno-Audio\/dp\/8484434184\/ref=as_li_ss_tl?__mk_es_ES=%C3%85M%C3%85%C5%BD%C3%95%C3%91&amp;dchild=1&amp;keywords=socios+2&amp;qid=1604760802&amp;quartzVehicle=72-1783&amp;replacementKeywords=socios&amp;sr=8-1&amp;linkCode=sl1&amp;tag=spanishwithvi-21&amp;linkId=d75175db88a1508621197746b53146ec&amp;language=es_ES\">Socios Nueva Edici\u00f3n 2 Libro del alumno + CD: Vol. 2<\/a><\/li>\n\n\n\n<li><a href=\"https:\/\/www.amazon.es\/Spanish-Business-Espa%C3%B1ol-profesional-negocios\/dp\/B0874LCNBP\/ref=as_li_ss_tl?__mk_es_ES=%C3%85M%C3%85%C5%BD%C3%95%C3%91&amp;dchild=1&amp;keywords=business+spanish&amp;qid=1604760564&amp;sr=8-3&amp;linkCode=sl1&amp;tag=spanishwithvi-21&amp;linkId=1fd57def4a4a998f066507a92ae6fb16&amp;language=es_ES\">Spanish for Business: Espa\u00f1ol profesional<\/a><\/li>\n\n\n\n<li><a href=\"https:\/\/www.amazon.es\/Spanish-Business-Espa%C3%B1ol-profesional-negocios\/dp\/B0874LCNBP\/ref=as_li_ss_tl?__mk_es_ES=%C3%85M%C3%85%C5%BD%C3%95%C3%91&amp;dchild=1&amp;keywords=business+spanish&amp;qid=1604760564&amp;sr=8-3&amp;linkCode=sl1&amp;tag=spanishwithvi-21&amp;linkId=1fd57def4a4a998f066507a92ae6fb16&amp;language=es_ES\">curso de espa\u00f1ol de negocios. Modelo de examen DELE B2<\/a><\/li>\n\n\n\n<li><a href=\"https:\/\/www.amazon.es\/Entorno-empresarial-Espec%C3%ADficos-J%C3%B3venes-Empresarial\/dp\/8477112975\/ref=as_li_ss_tl?__mk_es_ES=%C3%85M%C3%85%C5%BD%C3%95%C3%91&amp;dchild=1&amp;keywords=entorno+empresarial&amp;qid=1604760146&amp;sr=8-1&amp;linkCode=sl1&amp;tag=spanishwithvi-21&amp;linkId=56dfbf8ea24d95a43f4d0b7b90d2ab19&amp;language=es_ES\">Entorno empresarial &#8211; libro del alumno: Nivel B2<\/a><\/li>\n\n\n\n<li><a href=\"https:\/\/hlrnet.com\/sites\/sp\/espanol-medico-para-principiantes-en-linea\/\">Espa\u00f1ol m\u00e9dico para principiantes: en l\u00ednea<\/a><\/li>\n<\/ul>\n<\/div>\n<\/div>\n<\/div><\/div>\n\n\n\n<div class=\"wp-block-pb-accordion-item c-accordion__item js-accordion-item no-js well\" data-initially-open=\"false\" data-click-to-close=\"true\" data-auto-close=\"true\" data-scroll=\"false\" data-scroll-offset=\"0\"><h2 id=\"at-265\" class=\"c-accordion__title js-accordion-controller\" role=\"button\">Podcasts<\/h2><div id=\"ac-265\" class=\"c-accordion__content\">\n<ul class=\"wp-block-list\">\n<li><a href=\"https:\/\/www.babbel.com\/en\/magazine\/5-best-podcasts-for-spanish-language-learners\">7 Podcasts To Listen To If You\u2019re Learning Spanish<\/a><\/li>\n\n\n\n<li><a href=\"https:\/\/effortlessconversations.com\/learn-spanish\/spanish-podcasts\/#our-top-10-list-of-spanish-podcasts\">11 Best Podcasts To Learn Spanish (free): Beginners And Intermediate<\/a><\/li>\n\n\n\n<li><a href=\"https:\/\/spanishlandschool.com\/best-spanish-podcasts\/\">7 Best Spanish Learning Podcasts (No Matter Your Level)<\/a><\/li>\n<\/ul>\n<\/div><\/div>\n","protected":false},"excerpt":{"rendered":"","protected":false},"author":491,"featured_media":0,"parent":0,"menu_order":0,"comment_status":"closed","ping_status":"closed","template":"","meta":{"_acf_changed":false,"footnotes":""},"class_list":["post-26","page","type-page","status-publish","hentry"],"acf":[],"_links":{"self":[{"href":"https:\/\/www.eou.edu\/spanish\/wp-json\/wp\/v2\/pages\/26","targetHints":{"allow":["GET"]}}],"collection":[{"href":"https:\/\/www.eou.edu\/spanish\/wp-json\/wp\/v2\/pages"}],"about":[{"href":"https:\/\/www.eou.edu\/spanish\/wp-json\/wp\/v2\/types\/page"}],"author":[{"embeddable":true,"href":"https:\/\/www.eou.edu\/spanish\/wp-json\/wp\/v2\/users\/491"}],"replies":[{"embeddable":true,"href":"https:\/\/www.eou.edu\/spanish\/wp-json\/wp\/v2\/comments?post=26"}],"version-history":[{"count":1,"href":"https:\/\/www.eou.edu\/spanish\/wp-json\/wp\/v2\/pages\/26\/revisions"}],"predecessor-version":[{"id":27,"href":"https:\/\/www.eou.edu\/spanish\/wp-json\/wp\/v2\/pages\/26\/revisions\/27"}],"wp:attachment":[{"href":"https:\/\/www.eou.edu\/spanish\/wp-json\/wp\/v2\/media?parent=26"}],"curies":[{"name":"wp","href":"https:\/\/api.w.org\/{rel}","templated":true}]}}