{"id":9,"date":"2016-02-09T18:06:25","date_gmt":"2016-02-09T18:06:25","guid":{"rendered":"http:\/\/www.eou.edu\/bienvenidos\/?page_id=9"},"modified":"2017-12-12T21:49:32","modified_gmt":"2017-12-12T21:49:32","slug":"programas-academicas-de-eou","status":"publish","type":"page","link":"https:\/\/www.eou.edu\/bienvenidos\/programas-academicas-de-eou\/","title":{"rendered":"Programas Academicas de EOU"},"content":{"rendered":"<div class=\"row\">\n<div class=\"span4\">\n<div class=\"well\">\n<h2>Carreras<\/h2>\n<ul>\n<li>Antropolog\u00eda \/ Sociolog\u00eda<\/li>\n<li>Arte<\/li>\n<li>Biolog\u00eda<\/li>\n<li>Administraci\u00f3n de Negocios<\/li>\n<li>Qu\u00edmica\u2010Bioqu\u00edmica<\/li>\n<li>Estudios de comunicaci\u00f3n*<\/li>\n<li>Ciencias de la computaci\u00f3n<\/li>\n<li>Ciencias econ\u00f3micas<\/li>\n<li>Administraci\u00f3n de Servicios M\u00e9dicos de Emergencia<\/li>\n<li>Ingl\u00e9s<\/li>\n<li>Historia<\/li>\n<li>Estudios Integrados: Programa Individualizado<\/li>\n<li>Estudios Integrados: EOU menor (+) Menor de otra universidad<\/li>\n<li>Estudios Integrados: Dos EOU Menores<\/li>\n<li>Matem\u00e1ticas<\/li>\n<li>Estudios Multidisciplinarios<\/li>\n<li>Cueste: Estudios Multidisciplinarios y Educaci\u00f3n Primaria (Dual Mayor)<\/li>\n<li>M\u00fasica<\/li>\n<li>Pol\u00edtica y Econom\u00eda *<\/li>\n<li>Actividad F\u00edsica y Salud<\/li>\n<li>Educaci\u00f3n F\u00edsica y Deporte<\/li>\n<li>Ciencias del Ejercicio<\/li>\n<li>Estudios de Salud y Bienestar<\/li>\n<li>Psicolog\u00eda<\/li>\n<li>Teatro<\/li>\n<\/ul>\n<\/div>\n<div class=\"well\">\n<h2>Programas de postgrado<\/h2>\n<ul>\n<li>M\u00e1ster en Administraci\u00f3n de Empresas<\/li>\n<li>Maestr\u00eda en Bellas Artes\u00a0 (bajo requerimiento de residencia)<\/li>\n<\/ul>\n<\/div>\n<div class=\"well\">\n<h2>Programas de Asociaci\u00f3n (Especializaciones)<\/h2>\n<ul>\n<li>Ciencias Agr\u00edcolas (OSU)<\/li>\n<li>Ciencia Animal (OSU)<\/li>\n<li>Ciencia de Cultivos (OSU)<\/li>\n<li>Pesca y Vida Silvestre (OSU)<\/li>\n<li>Recursos Naturales (OSU)<\/li>\n<li>Pastizales Ciencia (OSU)<\/li>\n<li>Ciencia del Suelo (OSU)<\/li>\n<\/ul>\n<\/div>\n<\/div>\n<div class=\"span4\">\n<div class=\"well\">\n<h2>Especializaciones<\/h2>\n<ul>\n<li>Antropolog\u00eda \/ Sociolog\u00eda<\/li>\n<li>Arte<\/li>\n<li>Biolog\u00eda<\/li>\n<li>Negocio<\/li>\n<li>Qu\u00edmica<\/li>\n<li>Comunicaci\u00f3n*<\/li>\n<li>Ciencias de la Computaci\u00f3n<\/li>\n<li>Ciencias econ\u00f3micas<\/li>\n<li>Ingl\u00e9s para Hablantes de Otros Idiomas (ESOL)<\/li>\n<li>Ingl\u00e9s<\/li>\n<li>Qu\u00edmica Ambiental<\/li>\n<li>Estudios de la Salud<\/li>\n<li>Historia<\/li>\n<li>Interdisciplinario Escritura y Ret\u00f3rica<\/li>\n<li>Matem\u00e1ticas<\/li>\n<li>Estudios Matem\u00e1ticos (MDST)<\/li>\n<li>Ciencia militar<\/li>\n<li>M\u00fasica<\/li>\n<li>Estudios Nativos Americanos<\/li>\n<li>Recreaci\u00f3n &amp; Liderazgo del aire libre<\/li>\n<li>Educaci\u00f3n F\u00edsica<\/li>\n<li>Ciencias Pol\u00edticas<\/li>\n<li>Psicolog\u00eda<\/li>\n<li>Pol\u00edtica p\u00fablica<\/li>\n<li>Espa\u00f1ol<\/li>\n<li>Matem\u00e1ticas Estad\u00edstica<\/li>\n<li>Artes Teatro<\/li>\n<\/ul>\n<\/div>\n<div class=\"well\">\n<h2>Programas Pre\u2010Profesionales<\/h2>\n<ul>\n<li>Pre\u2010Higiene Dental (ODS Facultad de Ciencias Dental Partnership)<\/li>\n<li>Pre\u2010Odontolog\u00eda<\/li>\n<li>Pre\u2010Ley<\/li>\n<li>Tecnolog\u00eda Pre\u2010M\u00e9dico<\/li>\n<li>Pre\u2010Medicina<\/li>\n<li>Pre\u2010Enfermer\u00eda<\/li>\n<li>Pre\u2010Optometr\u00eda<\/li>\n<li>Pre\u2010Farmacia<\/li>\n<li>Pre\u2010Terapia F\u00edsica<\/li>\n<li>Pre\u2010Asistente M\u00e9dico<\/li>\n<li>Pre\u2010Medicina Veterinaria<\/li>\n<\/ul>\n<\/div>\n<\/div>\n<div class=\"span4\">\n<div class=\"well\">\n<h2>Asociado en Artes<\/h2>\n<ul>\n<li>Gerencia Administrativa<\/li>\n<li>Educaci\u00f3n elemental<\/li>\n<\/ul>\n<\/div>\n<div class=\"well\">\n<h2>Licenciado en Ciencias Aplicadas<\/h2>\n<ul>\n<li>Administraci\u00f3n de Negocios*<\/li>\n<li>Administraci\u00f3n de Servicios M\u00e9dicos de Emergencia<\/li>\n<\/ul>\n<\/div>\n<div class=\"well\">\n<h2>Programas de Certificaci\u00f3n<\/h2>\n<ul>\n<li>Programaci\u00f3n I<\/li>\n<li>Programaci\u00f3n II<\/li>\n<li>Educaci\u00f3n<\/li>\n<li>Los oradores Ingl\u00e9s de Otros Idiomas (ESOL)<\/li>\n<li>Auxiliar de enfermer\u00eda certificado\u00a0 I *<\/li>\n<li>Gesti\u00f3n de Oficina<\/li>\n<\/ul>\n<\/div>\n<div class=\"well\">\n<h2>Programas de Asociaci\u00f3n (Maestr\u00edas)<\/h2>\n<ul>\n<li>Ciencias Agr\u00edcolas (OSU)<\/li>\n<li>Cultivos y Ciencias del Suelo (OSU)<\/li>\n<li>Higiene Dental (ODS Facultad de Ciencias Odontol\u00f3gicas)<\/li>\n<li>Recursos Naturales (OSU)<\/li>\n<li>Enfermer\u00eda (OHSU)<\/li>\n<li>Pastizales Ciencia (OSU)<\/li>\n<\/ul>\n<\/div>\n<\/div>\n<\/div>\n","protected":false},"excerpt":{"rendered":"<p>Carreras Antropolog\u00eda \/ Sociolog\u00eda Arte Biolog\u00eda Administraci\u00f3n de Negocios Qu\u00edmica\u2010Bioqu\u00edmica Estudios de comunicaci\u00f3n* Ciencias de la computaci\u00f3n Ciencias econ\u00f3micas Administraci\u00f3n de Servicios M\u00e9dicos de Emergencia Ingl\u00e9s Historia Estudios Integrados: Programa Individualizado Estudios Integrados: EOU menor (+) Menor de otra universidad Estudios Integrados: Dos EOU Menores Matem\u00e1ticas Estudios Multidisciplinarios Cueste: Estudios Multidisciplinarios y Educaci\u00f3n Primaria (Dual [&hellip;]<\/p>\n","protected":false},"author":358,"featured_media":0,"parent":0,"menu_order":0,"comment_status":"open","ping_status":"open","template":"","meta":{"_acf_changed":false,"footnotes":""},"class_list":["post-9","page","type-page","status-publish","hentry"],"acf":[],"_links":{"self":[{"href":"https:\/\/www.eou.edu\/bienvenidos\/wp-json\/wp\/v2\/pages\/9","targetHints":{"allow":["GET"]}}],"collection":[{"href":"https:\/\/www.eou.edu\/bienvenidos\/wp-json\/wp\/v2\/pages"}],"about":[{"href":"https:\/\/www.eou.edu\/bienvenidos\/wp-json\/wp\/v2\/types\/page"}],"author":[{"embeddable":true,"href":"https:\/\/www.eou.edu\/bienvenidos\/wp-json\/wp\/v2\/users\/358"}],"replies":[{"embeddable":true,"href":"https:\/\/www.eou.edu\/bienvenidos\/wp-json\/wp\/v2\/comments?post=9"}],"version-history":[{"count":12,"href":"https:\/\/www.eou.edu\/bienvenidos\/wp-json\/wp\/v2\/pages\/9\/revisions"}],"predecessor-version":[{"id":128,"href":"https:\/\/www.eou.edu\/bienvenidos\/wp-json\/wp\/v2\/pages\/9\/revisions\/128"}],"wp:attachment":[{"href":"https:\/\/www.eou.edu\/bienvenidos\/wp-json\/wp\/v2\/media?parent=9"}],"curies":[{"name":"wp","href":"https:\/\/api.w.org\/{rel}","templated":true}]}}