{"id":2,"date":"2016-02-09T17:58:30","date_gmt":"2016-02-09T17:58:30","guid":{"rendered":"http:\/\/www.eou.edu\/bienvenidos\/?page_id=2"},"modified":"2025-10-02T17:14:13","modified_gmt":"2025-10-02T17:14:13","slug":"home","status":"publish","type":"page","link":"https:\/\/www.eou.edu\/bienvenidos\/","title":{"rendered":"\u00a1Bienvenidos!"},"content":{"rendered":"\n<h2 class=\"wp-block-heading\">\u00a1Bienvenidos a la Universidad de Eastern Oregon!&nbsp;<\/h2>\n\n\n\n<blockquote class=\"wp-block-quote is-layout-flow wp-block-quote-is-layout-flow\">\n<p>Obtener un t\u00edtulo universitario es una inversi\u00f3n para el futuro de su hijo\/a.&nbsp; Una&nbsp;carrera universitaria&nbsp;abre las puertas a muchas oportunidades para los estudiantes y sus familias. La Universidad de Eastern Oregon es el lugar adecuado para aquellos estudiantes que buscan ser parte de una comunidad acogedora, con valores y clases peque\u00f1as.<\/p>\n\n\n\n<p>Te invitamos para que nos visites junto a&nbsp;tu familia para descubrir c\u00f3mo EOU puede ayudarte &nbsp;a alcanzar tus metas. &nbsp;Descubriras&nbsp;que en EOU los estudiantes reciben educaci\u00f3n de alta calidad, celebran quien son y vienen de todas partes de Estados Unidos y del mundo. &nbsp;Las facilidades de nuestra universidad&nbsp;permite que la facultad construya relaciones con muchos de nuestros estudiantes.<\/p>\n\n\n\n<p>Nuestra misi\u00f3n como Oficina de Admisiones es hacer que el proceso de inscripcion&nbsp;universitaria sea los m\u00e1s sencillo y transparente posible para el estudiante y sus familias. &nbsp;Orientamos a&nbsp;los estudiantes paso a paso al llenar la solicitud de admisi\u00f3n y los pasos a seguir.&nbsp; <strong>Para m\u00e1s informaci\u00f3n en espa\u00f1ol, por favor llame al 541-962-3491.<\/strong><\/p>\n<cite>Genesis Meaderds Directora de Admisiones<\/cite><\/blockquote>\n\n\n\n<div class=\"wp-block-columns is-layout-flex wp-container-core-columns-is-layout-1 wp-block-columns-is-layout-flex\">\n<div class=\"wp-block-column is-layout-flow wp-block-column-is-layout-flow\">\n<figure class=\"wp-block-image size-full\"><img loading=\"lazy\" decoding=\"async\" width=\"870\" height=\"395\" src=\"https:\/\/www.eou.edu\/bienvenidos\/files\/2021\/11\/Grande-Ronde-Valley-3.jpg\" alt=\"\" class=\"wp-image-185\" srcset=\"https:\/\/www.eou.edu\/bienvenidos\/files\/2021\/11\/Grande-Ronde-Valley-3.jpg 870w, https:\/\/www.eou.edu\/bienvenidos\/files\/2021\/11\/Grande-Ronde-Valley-3-300x136.jpg 300w, https:\/\/www.eou.edu\/bienvenidos\/files\/2021\/11\/Grande-Ronde-Valley-3-768x349.jpg 768w\" sizes=\"auto, (max-width: 870px) 100vw, 870px\" \/><\/figure>\n<\/div>\n\n\n\n<div class=\"wp-block-column is-layout-flow wp-block-column-is-layout-flow\">\n<h3 class=\"wp-block-heading\">Locaci\u00f3n de EOU campus<\/h3>\n\n\n\n<p>La Grande, Oreg\u00f3n y &nbsp;ubicaciones regionales a trav\u00e9s del estado.<\/p>\n\n\n\n<ul class=\"wp-block-list\">\n<li>Un total de 3,653 estudiantes incluyendo estudiantes en l\u00ednea y estudiantes ubicados en alg\u00fan sitio de la regi\u00f3n y del mundo.<\/li>\n\n\n\n<li>El promedio de clase es menos de 25 estudiantes. Esto significa conexiones m\u00e1s cercanas con los profesores.<\/li>\n<\/ul>\n\n\n\n<hr class=\"wp-block-separator has-css-opacity\"\/>\n\n\n\n<h3 class=\"wp-block-heading\">Residencia<\/h3>\n\n\n\n<p>Residencias&nbsp;impresionantes de estilo apartamento con capacidad para 355 estudiantes en tres edificios.<\/p>\n\n\n\n<h3 class=\"wp-block-heading\">Poblaci\u00f3n de La Grande<\/h3>\n\n\n\n<p>13,000 y 25,000 en el valle.<\/p>\n\n\n\n<ul class=\"wp-block-list\">\n<li>Millas de Portland, Oregon: 259, 4 horas en coche<\/li>\n\n\n\n<li>Millas a Salem, Oregon: 305, 5.25 horas en coche<\/li>\n\n\n\n<li>Millas a Boise, Idaho: 172, 2.5 horas en coche<\/li>\n\n\n\n<li>Millas a Pasco, Washington: 121, 2 horas en coche<\/li>\n\n\n\n<li>Millas a Spokane, Washington: 255, 4 horas en coche<\/li>\n\n\n\n<li>Millas a Seattle, Washington: 334, 5.5 horas en coche<\/li>\n<\/ul>\n<\/div>\n<\/div>\n\n\n\n<blockquote class=\"wp-block-quote well is-layout-flow wp-block-quote-is-layout-flow\">\n<p>\u201cEleg\u00ed asistir a Eastern Oregon University porque est\u00e1 cerca de casa, el campus es peque\u00f1o y me encanta, las clases practicas son la norma, y los instructores saben nuestros nombres. Hace que sea m\u00e1s f\u00e1cil no perderse entre la multitud y ser empujada a ser la mejor estudiante que pueda.\u201d<\/p>\n<cite>-Daniela Balderas, Estudiante de Educaci\u00f3n<\/cite><\/blockquote>\n\n\n\n<blockquote class=\"wp-block-quote well is-layout-flow wp-block-quote-is-layout-flow\">\n<p>\u201cEscog\u00ed la universidad de Eastern Oregon por tres razones. Estoy muy cerca con mi familia, as\u00ed que cuando estaba buscando una escuela quer\u00eda algo cerca donde yo pudiera ir a casa si necesitaba , y lejos donde yo pueda ser capaz de crecer un poco independiente. Tambi\u00e9n elige EOU, porque me permiti\u00f3 seguir mi educaci\u00f3n y hacer un deporte que disfruto. Cuando visit\u00e9 Eastern por primera vez, me encant\u00f3 que todos que me encontr\u00e9 era extremadamente amigable, lo cual fue amable porque hizo que me\u00a0 sentir\u00eda bienvenida como se estuviera en casa. Tambi\u00e9n me gust\u00f3 c\u00f3mo el campus es de un tama\u00f1o moderado que es un tama\u00f1o perfecto para m\u00ed, pero lo que hizo que atender\u00e1 fueron todas las becas que me permiti\u00f3 asistir a EOU. \u00a0\u00a0 Este es mi primer a\u00f1o en la universidad y durante mi tiempo aqu\u00ed pertenezco en algunos clubes como; Impacto Latino, estudiantes indocumentados unidos, y el club veterinario. Yo paso mi tiempo\u00a0 en el Centro de MOSAIC si me quieres encontrar hay una posibilidad que estare alli.\u201d<\/p>\n<cite>-Adriana deJesus, Estudiante de Pre-Vet<\/cite><\/blockquote>\n\n\n\n<blockquote class=\"wp-block-quote well is-layout-flow wp-block-quote-is-layout-flow\">\n<p>\u201cYo decide en venir a la universidad de Eastern Oregon University porque me gustaba la idea del tama\u00f1o de las clases porque la mayor\u00eda son peque\u00f1as y por la comunidad que hay. El costo tambi\u00e9n fue un factor por qual decide en venir aqu\u00ed. Yo soy parte de 3 clubs UUS, Impacto Latino, y Ed club. Me gusta ser parte de estos clubs y participar en las actividades que ofrecen.\u201d<\/p>\n<cite>-Karina Diaz Lara, Estudiante de Educaci\u00f3n<\/cite><\/blockquote>\n","protected":false},"excerpt":{"rendered":"<p>\u00a1Bienvenidos a la Universidad de Eastern Oregon!&nbsp; Obtener un t\u00edtulo universitario es una inversi\u00f3n para el futuro de su hijo\/a.&nbsp; Una&nbsp;carrera universitaria&nbsp;abre las puertas a muchas oportunidades para los estudiantes y sus familias. La Universidad de Eastern Oregon es el lugar adecuado para aquellos estudiantes que buscan ser parte de una comunidad acogedora, con valores [&hellip;]<\/p>\n","protected":false},"author":358,"featured_media":132,"parent":0,"menu_order":0,"comment_status":"open","ping_status":"open","template":"","meta":{"_acf_changed":false,"footnotes":""},"class_list":["post-2","page","type-page","status-publish","has-post-thumbnail","hentry"],"acf":[],"_links":{"self":[{"href":"https:\/\/www.eou.edu\/bienvenidos\/wp-json\/wp\/v2\/pages\/2","targetHints":{"allow":["GET"]}}],"collection":[{"href":"https:\/\/www.eou.edu\/bienvenidos\/wp-json\/wp\/v2\/pages"}],"about":[{"href":"https:\/\/www.eou.edu\/bienvenidos\/wp-json\/wp\/v2\/types\/page"}],"author":[{"embeddable":true,"href":"https:\/\/www.eou.edu\/bienvenidos\/wp-json\/wp\/v2\/users\/358"}],"replies":[{"embeddable":true,"href":"https:\/\/www.eou.edu\/bienvenidos\/wp-json\/wp\/v2\/comments?post=2"}],"version-history":[{"count":40,"href":"https:\/\/www.eou.edu\/bienvenidos\/wp-json\/wp\/v2\/pages\/2\/revisions"}],"predecessor-version":[{"id":216,"href":"https:\/\/www.eou.edu\/bienvenidos\/wp-json\/wp\/v2\/pages\/2\/revisions\/216"}],"wp:featuredmedia":[{"embeddable":true,"href":"https:\/\/www.eou.edu\/bienvenidos\/wp-json\/wp\/v2\/media\/132"}],"wp:attachment":[{"href":"https:\/\/www.eou.edu\/bienvenidos\/wp-json\/wp\/v2\/media?parent=2"}],"curies":[{"name":"wp","href":"https:\/\/api.w.org\/{rel}","templated":true}]}}