{"id":14,"date":"2016-02-09T18:10:40","date_gmt":"2016-02-09T18:10:40","guid":{"rendered":"http:\/\/www.eou.edu\/bienvenidos\/?page_id=14"},"modified":"2024-03-20T22:55:21","modified_gmt":"2024-03-20T22:55:21","slug":"oficina-de-ayuda-financiera","status":"publish","type":"page","link":"https:\/\/www.eou.edu\/bienvenidos\/oficina-de-ayuda-financiera\/","title":{"rendered":"Oficina de Ayuda Financiera"},"content":{"rendered":"<div class=\"well span4 pull-right\"><a class=\"hvr-grow\" style=\"text-align: center;\" href=\"https:\/\/isdepot.eou.edu\/public\/ir\/Tuition_Calculator\/Tuition_Form.html\" target=\"_blank\" rel=\"noopener noreferrer\">[buttonblue]Calculador de Registro\/ matr\u00edcula[\/buttonblue]<\/a><\/div>\n<p class=\"p1\"><em><strong><span class=\"s1\">Bienvenidos!<\/span><\/strong><\/em><\/p>\n<p>La oficina de ayuda financiera de la universidad de Eastern Oregon est\u00e1 comprometida a ayudarte a obtener fondos para tu programa acad\u00e9mico. No importa si eres un estudiante actual o futuro estudiante. Existen varias ayudas de programas financieros. Estos programas financieros var\u00edan en la elegibilidad de criterio, y montos recibidos.<\/p>\n<p>Muchos estudiantes y familias necesitan alguna ayuda financiera. Nosotros motivamos a todos los estudiantes a aplicar para la Solicitud Gratuita de Ayuda Federal (FAFSA). El c\u00f3digo federal de nuestra escuela es<\/p>\n<p class=\"p1\"><span class=\"s1\">N\u00famero de tel\u00e9fono: 541-962-3456<\/span><\/p>\n<p class=\"p1\"><span class=\"s1\">Oficina: Inlow Hall 104C<\/span><\/p>\n<p>\u00a0No es tarde para llenar la aplicaci\u00f3n de Solicitud Gratuita de Ayuda Federal (FAFSA).<\/p>\n<p>*Este link te llevara a la p\u00e1gina de FAFSA: \u00a0<a href=\"https:\/\/fafsa.ed.gov\/es_ES\/index.htm\">https:\/\/fafsa.ed.gov\/es_ES\/index.htm<\/a><\/p>\n<div class=\"well\">\n<h2 class=\"p10\"><span class=\"s1\">Ayuda financiera es otorgada en las siguientes fechas:\u00a0<\/span><\/h2>\n<p class=\"p11\"><span class=\"s1\"><i>Verano 2019 \u2013 Julio 1, 2021<\/i><\/span><\/p>\n<p class=\"p11\"><strong><span class=\"s1\"><i>Oto\u00f1o 2019 \u2013 Septiembre 23, 2020<\/i><\/span><\/strong><\/p>\n<p class=\"p11\"><span class=\"s1\"><i>Invierno 2021 \u2013 Enero 4, 2021<\/i><\/span><\/p>\n<p class=\"p11\"><span class=\"s1\"><i>Primavera 2021 \u2013 Marzo 29, 2021<\/i><\/span><\/p>\n<p class=\"p13\"><span class=\"s1\"><b>Costo de atendencia: A<\/b><\/span><span class=\"s5\"><b>\u00f1<\/b><\/span><span class=\"s1\"><b>o 2020-2021<\/b><\/span><\/p>\n<\/div>\n<table width=\"722\">\n<tbody>\n<tr>\n<td style=\"text-align: center;\" colspan=\"4\" width=\"482\">Pregrado<\/td>\n<td colspan=\"2\" width=\"240\">Postgrado<\/td>\n<\/tr>\n<tr>\n<td width=\"129\"><\/td>\n<td width=\"119\">Residente<\/td>\n<td width=\"125\">No-Residente\/ Internacional<\/td>\n<td width=\"109\">WUE<\/td>\n<td width=\"114\">Residente<\/td>\n<td width=\"126\">No-Residente<\/td>\n<\/tr>\n<tr>\n<td width=\"129\">Matricula<\/td>\n<td width=\"119\">$7,776.00<\/td>\n<td width=\"125\">$20,880.00<\/td>\n<td width=\"109\">$11,661.00<\/td>\n<td width=\"114\">$14,040.00<\/td>\n<td width=\"126\">$17,712.00<\/td>\n<\/tr>\n<tr>\n<td width=\"129\">Cuotas<\/td>\n<td width=\"119\">$1,629.00<\/td>\n<td width=\"125\">$1,629.00<\/td>\n<td width=\"109\">$1,629.00<\/td>\n<td width=\"114\">$1,629.00<\/td>\n<td width=\"126\">$1,629.00<\/td>\n<\/tr>\n<tr>\n<td width=\"129\">Viviendas y Comida<\/td>\n<td width=\"119\">$10,152.00<\/td>\n<td width=\"125\">$10,152.00<\/td>\n<td width=\"109\">$10,152.00<\/td>\n<td width=\"114\">$10,152.00<\/td>\n<td width=\"126\">$10,152.00<\/td>\n<\/tr>\n<tr>\n<td width=\"129\">Libros<\/td>\n<td width=\"119\">$1,245.00<\/td>\n<td width=\"125\">$1,245.00<\/td>\n<td width=\"109\">$1,245.00<\/td>\n<td width=\"114\">$1,068.00<\/td>\n<td width=\"126\">$1,068.00<\/td>\n<\/tr>\n<tr>\n<td width=\"129\">Transportacion<\/td>\n<td width=\"119\">$1,317.00<\/td>\n<td width=\"125\">$1,317.00<\/td>\n<td width=\"109\">$1,317.00<\/td>\n<td width=\"114\">$1,317.00<\/td>\n<td width=\"126\">$1,317.00<\/td>\n<\/tr>\n<tr>\n<td width=\"129\">Personal<\/td>\n<td width=\"119\">$1,947.00<\/td>\n<td width=\"125\">$1,947.00<\/td>\n<td width=\"109\">$1,947.00<\/td>\n<td width=\"114\">$1,947.00<\/td>\n<td width=\"126\">$1,947.00<\/td>\n<\/tr>\n<tr>\n<td width=\"129\">Total<\/td>\n<td width=\"119\">$24,066.00<\/td>\n<td width=\"125\">$37,170.00<\/td>\n<td width=\"109\">$27,951.00<\/td>\n<td width=\"114\">$30,153.00<\/td>\n<td width=\"126\">$33,825.00<\/td>\n<\/tr>\n<tr>\n<td colspan=\"6\" width=\"722\">*The Western Undergraduate Exchange Program (WUE)<\/td>\n<\/tr>\n<tr>\n<td colspan=\"6\" width=\"722\">*Los costos para estudiantes internacionales no son reflejados en la gr\u00e1fica. Por favor de mirar nuestra p\u00e1gina internacional para m\u00e1s informaci\u00f3n.<\/td>\n<\/tr>\n<\/tbody>\n<\/table>\n<h2 class=\"p15\"><span class=\"s1\"><b>Tipos de Ayuda Financiera<\/b><\/span><\/h2>\n<h3 class=\"p16\"><span class=\"s1\"><b>Becas de EOU<\/b><\/span><\/h3>\n<p class=\"p17\"><strong><span class=\"s1\">Oportunidades de becas para EOU<\/span><\/strong><\/p>\n<hr \/>\n<p class=\"p18\"><span class=\"s1\"><b>Beca \u00a1Nueva! Escolar ASTEO<\/b><\/span><span class=\"s5\"><b> \u00a0\u00a0\u00a0\u00a0<\/b><\/span><\/p>\n<ul>\n<li class=\"li7\"><span class=\"s1\">Premio: Elegible si est\u00e1n estudiando una licenciatura, pueden recibir hasta $7,500 anuales, para matr\u00edcula y tarifas.<\/span><\/li>\n<li class=\"li7\"><span class=\"s1\">Para ser elegible el estudiante tiene que estar buscando una carrera en biolog\u00eda, qu\u00edmica-bioqu\u00edmica, computaci\u00f3n de ciencias, o matem\u00e1ticas. En adici\u00f3n el estudiante tiene que ser ciudadano estadounidense, residente permanente, nacional, o refugiado.<\/span><\/li>\n<li class=\"li7\"><span class=\"s1\">Fecha a aplicar: Antes del primero de febrero, la aplicaci\u00f3n est\u00e1 disponible a partir del primero de octubre.<\/span><\/li>\n<li class=\"li1\"><span class=\"s1\">Aplicaci\u00f3n: La aplicaci\u00f3n en l\u00ednea abre el primero de octubre; y tiene que ser presentada el d\u00eda primero de febrero (11:59pm) para ser considerados para el oto\u00f1o del siguiente a\u00f1o 2020.<\/span><\/li>\n<\/ul>\n<hr \/>\n<p class=\"p18\"><span class=\"s1\"><b>Beca Logros Universitarios<\/b><\/span><\/p>\n<ul>\n<li class=\"li7\"><span class=\"s1\">Premio: El monto inicial es de $500; puede llegar hasta \u00a1$2,000! La beca puede ser renovada hasta por 12-t\u00e9rminos (Equivalente a 4 a\u00f1os); Los $500 pueden incrementar dependiendo el criterio al renovar.<\/span><\/li>\n<li class=\"li7\"><span class=\"s1\">Para ser elegible tiene que ser: el primer a\u00f1o en el colegio, estar admitido a EOU, una calificaci\u00f3n m\u00ednima de 2.75 de la preparatoria, SAT (matem\u00e1ticas, y literatura) con una puntuaci\u00f3n de 800 o ACT con una puntuaci\u00f3n compuesta de 17.<\/span><\/li>\n<li class=\"li7\"><span class=\"s1\">Proceso de aplicaci\u00f3n: La beca ser\u00e1 autom\u00e1ticamente otorgada basada en el criterio, y estado de admisi\u00f3n.<\/span><\/li>\n<li class=\"li1\"><span class=\"s1\">Restricciones: No puede ser recibida en combinaci\u00f3n con otras becas como: Escolar Universitario, Necesidad Acad\u00e9mica Universitaria, beca Estudiante Transferido, &amp; Continuo.\u00a0<\/span><\/li>\n<\/ul>\n<hr \/>\n<p class=\"p18\"><span class=\"s1\"><b>Beca Escolar Universitario<\/b><\/span><\/p>\n<ul>\n<li class=\"li7\"><span class=\"s1\">Premio: Hasta $3,500, renovable por 12-t\u00e9rminos (Equivalente a 4 a\u00f1os). Este premio varia dependiendo del GPA, y FAFSA<\/span><\/li>\n<li class=\"li7\"><span class=\"s1\">Elegibilidad: Primer a\u00f1o en el colegio, tendr\u00e1 que estar admitido a EOU, y tener por lo menos un GPA de 3.0 de la preparatoria.<\/span><\/li>\n<li class=\"li7\"><span class=\"s1\">Proceso de aplicaci\u00f3n: Autom\u00e1ticamente premiada dependiendo la elegibilidad.\u00a0<\/span><\/li>\n<li class=\"li7\"><span class=\"s1\">Fecha a aplicar: Prioridad ser\u00e1 dada dependiendo en la fecha que el estudiante fue admitido a la Universidad.<\/span><\/li>\n<li class=\"li1\"><span class=\"s1\">Restricciones: No puede ser combinada con la beca Transferido &amp; Estudiante Continuo.<\/span><\/li>\n<\/ul>\n<hr \/>\n<p class=\"p18\"><span class=\"s1\"><b>Beca Necesidad Acad\u00e9mica Universitaria<\/b><\/span><\/p>\n<ul>\n<li class=\"li7\"><span class=\"s1\">Premio: Hasta $1,500, renovable por 12-t\u00e9rminos (equivalente a 4 a\u00f1os). Este premio varea dependiendo en los grados finales (GPA) y FAFSA.<\/span><\/li>\n<li class=\"li7\"><span class=\"s1\">Elegibilidad: Tiene que ser su primer a\u00f1o en el colegio. El estudiante tiene que mantener un GPA de por lo menos 2.5 y terminar con 40-cr\u00e9ditos al final del a\u00f1o escolar.\u00a0<\/span><\/li>\n<li class=\"li7\"><span class=\"s1\">Proceso de aplicaci\u00f3n: Prioridad ser\u00e1 dada a los estudiantes que apliquen antes del primero de febrero; la cantidad ser\u00e1 dada hasta que se localicen los fondos.<\/span><\/li>\n<li class=\"li7\"><span class=\"s1\">Fecha a aplicar: La prioridad ser\u00e1 basada dependiendo en la fecha que el estudiante aplic\u00f3 para su admisi\u00f3n a EOU.<\/span><\/li>\n<li class=\"li1\"><span class=\"s1\">Restricciones: No puede ser combinada con la beca Transferido &amp; Estudiante Continuo.<\/span><\/li>\n<\/ul>\n<hr \/>\n<p class=\"p18\"><span class=\"s1\"><b>Beca de Estudiante Atleta\u00a0<\/b><\/span><\/p>\n<ul>\n<li class=\"li7\"><span class=\"s1\">Premio: Hasta $3,500, renovable por 12-t\u00e9rminos (equivalente a 4 a\u00f1os). El estudiante tendr\u00e1 que mantener un contrato firmado para jugar con EOU.<\/span><\/li>\n<li class=\"li7\"><span class=\"s1\">Elegibilidad: Nuevos estudiantes, que est\u00e9n en su primer a\u00f1o de universidad (y entren en oto\u00f1o). Los estudiantes tendr\u00e1n que mantener un GPA de por lo menos 3.0 y obtener 45 cr\u00e9ditos en EOU por un a\u00f1o (oto\u00f1o-primavera).<\/span><\/li>\n<li class=\"li7\"><span class=\"s1\">Proceso de aplicaci\u00f3n: Los aplicantes tienen que ser elegidos por los entrenadores. Una visita con el entrenador es requerida para asegurar que se entiende la elegibilidad de esta beca.\u00a0<\/span><\/li>\n<li class=\"li7\"><span class=\"s1\">Fecha a aplicar: La aplicaci\u00f3n tiene que ser entregada a m\u00e1s tardar el primer d\u00eda del t\u00e9rmino en oto\u00f1o.\u00a0<\/span><\/li>\n<li class=\"li1\"><span class=\"s1\">Restricciones: Esta beca no puede ser combinada con las becas: Escolar Universitario, Necesidad Acad\u00e9mica Universitaria, \u00c9xito Universitario, o Transferido &amp; Estudiante Continuo.<\/span><\/li>\n<\/ul>\n<hr \/>\n<p class=\"p18\"><span class=\"s1\"><b>EOU- Beca Vivienda de 4 condados<\/b><\/span><\/p>\n<ul>\n<li class=\"li7\"><span class=\"s1\">Premio: Asistencia de $500 para el primer a\u00f1o de atendencia en las residencias de EOU.<\/span><\/li>\n<li class=\"li7\"><span class=\"s1\">Elegibilidad: Tienen que ser residentes de los siguientes condados: Union, Wallowa, Baker, o Umatilla.<\/span><\/li>\n<li class=\"li1\"><span class=\"s1\">Fecha a aplicar: No hay aplicaci\u00f3n, esta beca ser\u00e1 autom\u00e1ticamente otorgada a todos los estudiantes que est\u00e9n admitidos antes del primero de febrero.\u00a0<\/span><\/li>\n<\/ul>\n<hr \/>\n<p class=\"p18\"><span class=\"s1\"><b>EOU Becas de Fundaciones<\/b><\/span><\/p>\n<ul>\n<li class=\"li7\"><span class=\"s1\">Premio: El monto var\u00eda, m\u00e1s de 70 becas administradas por la fundaci\u00f3n de becas de EOU.\u00a0<\/span><\/li>\n<li class=\"li7\"><span class=\"s1\">Elegibilidad: Todos los estudiantes de EOU son elegibles para aplicar: Tienen que estar admitidos a EOU.<\/span><\/li>\n<li class=\"li1\"><span class=\"s1\">Fecha a aplicar: La aplicaci\u00f3n est\u00e1 disponible en l\u00ednea a partir del primero de octubre; la aplicaci\u00f3n tiene que ser entregada antes del primero de febrero para ser considerada para el siguiente a\u00f1o escolar. (2020)<\/span><\/li>\n<\/ul>\n<hr \/>\n<p class=\"p18\"><span class=\"s1\"><b>Educadores de Matem\u00e1ticas Estudiante Contin\u00fao (MESA)<\/b><\/span><\/p>\n<ul>\n<li class=\"li7\"><span class=\"s1\">Premio: $2,000 a $4,000 cada a\u00f1o hasta por 4 a\u00f1os.<\/span><\/li>\n<li class=\"li7\"><span class=\"s1\">Elegibilidad: Para los estudiantes actuales o estudiantes que regresen con una calificaci\u00f3n m\u00ednima de 3.25 (GPA); y que busquen una carrera en ense\u00f1ar matem\u00e1ticas.<\/span><\/li>\n<li class=\"li1\"><span class=\"s1\">Fecha a aplicar: La aplicaci\u00f3n est\u00e1 disponible a partir del primero de octubre y cierra el primer de febrero del siguiente a\u00f1o; ser\u00e1 considerada para el siguiente a\u00f1o escolar.<\/span><\/li>\n<\/ul>\n<hr \/>\n<p class=\"p18\"><span class=\"s1\"><b>Nuevos Estudiantes Educadores de Matem\u00e1ticas (MESA)<\/b><\/span><\/p>\n<ul>\n<li class=\"li7\"><span class=\"s1\">Premio: $2,000 a $4,000 cada a\u00f1o hasta por 4 a\u00f1os.<\/span><\/li>\n<li class=\"li7\"><span class=\"s1\">Elegibilidad: Tienen que ser nuevos estudiantes o estudiante entrantes de EOU con una calificaci\u00f3n m\u00ednima de 3.25 (GPA); y que busquen una carrera en ense\u00f1ar matem\u00e1ticas.<\/span><\/li>\n<li class=\"li1\"><span class=\"s1\">Fecha a aplicar: La aplicaci\u00f3n est\u00e1 disponible a partir del primero de octubre y cierra el primer de febrero del siguiente a\u00f1o; ser\u00e1 considerada para el siguiente a\u00f1o escolar.<\/span><\/li>\n<\/ul>\n<hr \/>\n<p class=\"p18\"><span class=\"s1\"><b>Diversidad Escolar<\/b><\/span><\/p>\n<ul>\n<li class=\"li7\"><span class=\"s1\">Premio: Varea entre $500-$4,000<\/span><\/li>\n<li class=\"li7\"><span class=\"s1\">Elegibilidad: Estudiantes actuales o estudiantes potenciales de EOU pueden aplicar; tienen que estar admitidos o admitidos temprano a EOU.<\/span><\/li>\n<li class=\"li1\"><span class=\"s1\">Fecha a aplicar: La aplicaci\u00f3n en l\u00ednea abre a partir del primero de octubre y cierra el primero de febrero para ser considerados para el siguiente a\u00f1o escolar.\u00a0<\/span><\/li>\n<\/ul>\n<hr \/>\n<p class=\"p18\"><span class=\"s1\"><b>Beca Estudiante Transferido &amp; Continuo\u00a0<\/b><\/span><\/p>\n<ul>\n<li class=\"li7\"><span class=\"s1\">Premio: Hasta $2,000, no renovable, tienen que aplicar anualmente. Los premios est\u00e1n basados y var\u00edan en cuanto el GPA si el estudiante es transferido, retornante, o continuo, y tambi\u00e9n depende de lo que FAFSA determine que necesita de ayuda.<\/span><\/li>\n<li class=\"li7\"><span class=\"s1\">Elegibilidad: Disponible para los nuevos estudiantes que se transfieran, regresen, o contin\u00faen. No puede ser combinada con la beca de Estudiante Escolar, y la beca \u00a0De Necesidad Acad\u00e9mica Universitaria. Este premio est\u00e1 disponible para los t\u00e9rminos de verano, oto\u00f1o, invierno, y primavera. Los estudiantes continuos sin embargo no califican para el t\u00e9rmino de verano.<\/span><\/li>\n<li class=\"li1\"><span class=\"s1\">Fecha a aplicar: Los nuevos estudiantes y aquellos que se transfieran son elegibles antes del primer d\u00eda de clases. Los estudiantes en curso pueden aplicar anualmente empezando el primero de julio antes de empezar el t\u00e9rmino de oto\u00f1o.<\/span><\/li>\n<\/ul>\n<hr \/>\n<p class=\"p18\"><span class=\"s1\"><b>Becas Internacionales<\/b><\/span><\/p>\n<ul>\n<li class=\"li1\"><span class=\"s1\">Estas becas est\u00e1n disponibles para los estudiantes internacionales que est\u00e9n inscritos a EOU. Para aplicaciones y criterio de estas becas por favor visite la p\u00e1gina de Programa Internacional: <a href=\"https:\/\/www.eou.edu\/scholarships\/\">https:\/\/www.eou.edu\/scholarships\/<\/a><\/span><span class=\"s6\">.<\/span><\/li>\n<\/ul>\n<hr \/>\n<p class=\"p18\"><span class=\"s1\"><b>Becas De Departamento Acad\u00e9mico<\/b><\/span><\/p>\n<ul>\n<li class=\"li1\"><span class=\"s1\">Por favor contacte al departamento acad\u00e9mico, o consejero acad\u00e9mico para informaci\u00f3n sobre oportunidades de becas espec\u00edficas para el departamento.<\/span><\/li>\n<\/ul>\n<p class=\"p18\"><span class=\"s1\"><b>Instrucciones y Criterio antes de obtener becas antes de\u00a019\/20<\/b><\/span><\/p>\n<ul>\n<li class=\"li1\"><span class=\"s1\">IMPORTANTE: La ayuda financiera de cualquier proveniente no puede exceder el costo de atendencia establecido por la Universidad. Si una beca es recibida, ya sea del colegio, o privada, el estudiante tiene que notificar a la oficina de finanzas. Nosotros tenemos que revisar el paquete de ayuda para asegurarnos que el estudiante no reciba m\u00e1s ayuda del costo de atendencia. En muchos de los casos podemos incluir las becas sin tener que ajustar la ayuda ofrecida, incrementando el monto total del paquete de ayuda. A vbeces tenemos que reducir o reemplazar otra forma de ayuda. En este caso, nosotros siempre tratamos de reducir o reemplazar cualquier pr\u00e9stamo que haya sido ofrecido al paquete de ayuda. Invitamos a todos los estudiantes a que exploren las oportunidades de becas que est\u00e1n disponibles, ya que esta es una manera de ayudar financieramente a la educaci\u00f3n de postgrado. Recuerden que todas las becas renovables ser\u00e1n otorgadas cuando los grados del t\u00e9rmino de primavera sean finalizados para as\u00ed poder confirmar la elegibilidad.\u00a0<\/span><\/li>\n<\/ul>\n<hr \/>\n<h3 class=\"p16\"><span class=\"s1\"><b>Ayuda del Gobierno\u00a0<\/b><\/span><\/h3>\n<p class=\"p19\"><span class=\"s1\">FAFSA- Solicitud Gratuita de Ayuda Federal para Estudiantes<\/span><\/p>\n<p class=\"p1\"><span class=\"s7\">\u00a0<a href=\"https:\/\/fafsa.ed.gov\/es_ES\/index.htm\"><span class=\"s8\">https:\/\/fafsa.ed.gov\/es_ES\/index.htm<\/span><\/a> \u00a0\u00a0<\/span><span class=\"s1\">Haz click aqu\u00ed para ir a la aplicaci\u00f3n de FAFSA\u00a0<\/span><\/p>\n<h4 class=\"p1\"><span class=\"s9\">Pr\u00e9stamos:<\/span><\/h4>\n<p class=\"p19\"><span class=\"s1\">-Subsidized Stafford<\/span><\/p>\n<p class=\"p19\"><span class=\"s1\">-Unsubsidized Stafford<\/span><\/p>\n<p class=\"p20\"><span class=\"s1\">-Pr\u00e9stamo (Perkins)\u00a0<\/span><\/p>\n<p class=\"p19\"><span class=\"s1\">-Pr\u00e9stamos para los padres\u00a0<\/span><\/p>\n<h4 class=\"p7\"><span class=\"s9\">Becas:<\/span><\/h4>\n<p class=\"p21\"><span class=\"s1\">-Oportunidad de Oregon<\/span><\/p>\n<p class=\"p21\"><span class=\"s1\">-Beca Pell (Pell Grant)<\/span><\/p>\n<hr \/>\n<h3 class=\"p22\"><span class=\"s1\"><b><i>Fechas importantes que tienes que recordar<\/i><\/b><\/span><\/h3>\n<p class=\"p19\"><span class=\"s1\"><b>La solicitud gratuita de ayuda federal para estudiantes est\u00e1 disponible a partir del <\/b><\/span><span class=\"s9\"><b>primero de enero<\/b><\/span><span class=\"s1\"><b> de cada ano.<\/b><\/span><\/p>\n<p class=\"p19\"><span class=\"s1\"><b>La fecha l\u00edmite para recibir becas de EOU es el <\/b><\/span><span class=\"s9\"><b>primero de febrero<\/b><\/span><\/p>\n<p class=\"p19\"><span class=\"s1\"><b>La fecha l\u00edmite para FAFSA es <\/b><\/span><span class=\"s9\"><b>el primero de marzo<\/b><\/span><\/p>\n","protected":false},"excerpt":{"rendered":"<p>[buttonblue]Calculador de Registro\/ matr\u00edcula[\/buttonblue] Bienvenidos! La oficina de ayuda financiera de la universidad de Eastern Oregon est\u00e1 comprometida a ayudarte a obtener fondos para tu programa acad\u00e9mico. No importa si eres un estudiante actual o futuro estudiante. Existen varias ayudas de programas financieros. Estos programas financieros var\u00edan en la elegibilidad de criterio, y montos recibidos. [&hellip;]<\/p>\n","protected":false},"author":358,"featured_media":0,"parent":0,"menu_order":0,"comment_status":"open","ping_status":"open","template":"","meta":{"_acf_changed":false,"footnotes":""},"class_list":["post-14","page","type-page","status-publish","hentry"],"acf":[],"_links":{"self":[{"href":"https:\/\/www.eou.edu\/bienvenidos\/wp-json\/wp\/v2\/pages\/14","targetHints":{"allow":["GET"]}}],"collection":[{"href":"https:\/\/www.eou.edu\/bienvenidos\/wp-json\/wp\/v2\/pages"}],"about":[{"href":"https:\/\/www.eou.edu\/bienvenidos\/wp-json\/wp\/v2\/types\/page"}],"author":[{"embeddable":true,"href":"https:\/\/www.eou.edu\/bienvenidos\/wp-json\/wp\/v2\/users\/358"}],"replies":[{"embeddable":true,"href":"https:\/\/www.eou.edu\/bienvenidos\/wp-json\/wp\/v2\/comments?post=14"}],"version-history":[{"count":21,"href":"https:\/\/www.eou.edu\/bienvenidos\/wp-json\/wp\/v2\/pages\/14\/revisions"}],"predecessor-version":[{"id":207,"href":"https:\/\/www.eou.edu\/bienvenidos\/wp-json\/wp\/v2\/pages\/14\/revisions\/207"}],"wp:attachment":[{"href":"https:\/\/www.eou.edu\/bienvenidos\/wp-json\/wp\/v2\/media?parent=14"}],"curies":[{"name":"wp","href":"https:\/\/api.w.org\/{rel}","templated":true}]}}