{"id":778,"date":"2015-11-06T00:09:13","date_gmt":"2015-11-06T00:09:13","guid":{"rendered":"https:\/\/www.eou.edu\/basalt\/?page_id=778"},"modified":"2022-03-02T21:46:50","modified_gmt":"2022-03-02T21:46:50","slug":"basalt-volume-10-number-1","status":"publish","type":"page","link":"https:\/\/www.eou.edu\/basalt\/basalt-volume-10-number-1\/","title":{"rendered":"Basalt volume 10, number 1"},"content":{"rendered":"\n<div class=\"wp-block-image\"><figure class=\"aligncenter\"><img loading=\"lazy\" decoding=\"async\" width=\"948\" height=\"1113\" src=\"https:\/\/www.eou.edu\/basalt\/files\/2015\/11\/BASALT-2015-COVER.png\" alt=\"Basalt Volume 10 Number 1 Cover\" class=\"wp-image-775\" srcset=\"https:\/\/www.eou.edu\/basalt\/files\/2015\/11\/BASALT-2015-COVER.png 948w, https:\/\/www.eou.edu\/basalt\/files\/2015\/11\/BASALT-2015-COVER-255x300.png 255w, https:\/\/www.eou.edu\/basalt\/files\/2015\/11\/BASALT-2015-COVER-872x1024.png 872w\" sizes=\"auto, (max-width: 948px) 100vw, 948px\" \/><\/figure><\/div>\n\n\n\n<h2 class=\"wp-block-heading\">Featured Artist: Sandra Dal Poggetto<\/h2>\n\n\n\n<p>View images and read&nbsp;<em>WILD TIME<\/em>&nbsp;by Sandra Dal Poggetto.&nbsp;<a href=\"https:\/\/www.eou.edu\/basalt\/basalt-volume-10-number-1\/featured-artist-sandra-dal-poggetto\/\">View feature here.<\/a><\/p>\n\n\n\n<h2 class=\"wp-block-heading\">Contents<\/h2>\n\n\n\n<p>Dan Raphael, Moments from the History of Rain<\/p>\n\n\n\n<p>Shawn Fawson, Four Poems<\/p>\n\n\n\n<p>Anna \u015awirszczy\u0144ska, Five Poems<\/p>\n\n\n\n<p>Ana Blandiana, Rain Chant<\/p>\n\n\n\n<p>Asha Dor\u00e9, Figure Studies<\/p>\n\n\n\n<p>Bob Ross, Two Poems<\/p>\n\n\n\n<p><a href=\"https:\/\/www.eou.edu\/basalt\/basalt-volume-10-number-1\/featured-artist-sandra-dal-poggetto\/\" target=\"_blank\" rel=\"noreferrer noopener\">Sandra Dal Poggetto, Portfolio<\/a><\/p>\n\n\n\n<p><a href=\"https:\/\/www.eou.edu\/basalt\/basalt-volume-10-number-1\/featured-artist-sandra-dal-poggetto\/\" target=\"_blank\" rel=\"noreferrer noopener\">Sandra Dal Poggetto, Wildtime<\/a><\/p>\n\n\n\n<p>Melissa Kwasny, Four Poems<\/p>\n\n\n\n<p>James Crews, Five Poems<\/p>\n\n\n\n<p>Laura Cesarco Eglin, Five Poems<\/p>\n\n\n\n<p>Piotr Florczyk, Three Poems<\/p>\n\n\n\n<p>About the Contributors<\/p>\n","protected":false},"excerpt":{"rendered":"<p>Featured Artist: Sandra Dal Poggetto View images and read&nbsp;WILD TIME&nbsp;by Sandra Dal Poggetto.&nbsp;View feature here. Contents Dan Raphael, Moments from the History of Rain Shawn Fawson, Four Poems Anna \u015awirszczy\u0144ska, Five Poems Ana Blandiana, Rain Chant Asha Dor\u00e9, Figure Studies Bob Ross, Two Poems Sandra Dal Poggetto, Portfolio Sandra Dal Poggetto, Wildtime Melissa Kwasny, Four [&hellip;]<\/p>\n","protected":false},"author":164,"featured_media":1305,"parent":0,"menu_order":0,"comment_status":"closed","ping_status":"open","template":"","meta":{"_acf_changed":false,"footnotes":""},"class_list":["post-778","page","type-page","status-publish","has-post-thumbnail","hentry"],"acf":[],"_links":{"self":[{"href":"https:\/\/www.eou.edu\/basalt\/wp-json\/wp\/v2\/pages\/778","targetHints":{"allow":["GET"]}}],"collection":[{"href":"https:\/\/www.eou.edu\/basalt\/wp-json\/wp\/v2\/pages"}],"about":[{"href":"https:\/\/www.eou.edu\/basalt\/wp-json\/wp\/v2\/types\/page"}],"author":[{"embeddable":true,"href":"https:\/\/www.eou.edu\/basalt\/wp-json\/wp\/v2\/users\/164"}],"replies":[{"embeddable":true,"href":"https:\/\/www.eou.edu\/basalt\/wp-json\/wp\/v2\/comments?post=778"}],"version-history":[{"count":16,"href":"https:\/\/www.eou.edu\/basalt\/wp-json\/wp\/v2\/pages\/778\/revisions"}],"predecessor-version":[{"id":1454,"href":"https:\/\/www.eou.edu\/basalt\/wp-json\/wp\/v2\/pages\/778\/revisions\/1454"}],"wp:featuredmedia":[{"embeddable":true,"href":"https:\/\/www.eou.edu\/basalt\/wp-json\/wp\/v2\/media\/1305"}],"wp:attachment":[{"href":"https:\/\/www.eou.edu\/basalt\/wp-json\/wp\/v2\/media?parent=778"}],"curies":[{"name":"wp","href":"https:\/\/api.w.org\/{rel}","templated":true}]}}